
{"id":1606,"date":"2020-12-31T10:10:48","date_gmt":"2020-12-31T10:10:48","guid":{"rendered":"http:\/\/lundegard.se\/?page_id=1606"},"modified":"2023-08-19T14:44:44","modified_gmt":"2023-08-19T14:44:44","slug":"bra-att-veta","status":"publish","type":"page","link":"https:\/\/lundegard.se\/en\/bra-att-veta\/","title":{"rendered":"Good to know"},"content":{"rendered":"\r\n<p><strong>Here you will find information, A to Z.<\/strong><\/p>\r\n\r\n\r\n\r\n<h3>Activities<\/h3>\r\n\r\n\r\n\r\n<p id=\"tw-target-text\">We have our well-attended and fresh pool, indoor paddle courts, bike park, mini golf, bouncy castle and a number of playgrounds on the campsite. In high season we have Yoga with Cornelia next to the boathouse by the sea.<\/p>\r\n\r\n\r\n\r\n<h3 id=\"tw-target-text\">Cancellation protection<\/h3>\r\n\r\n\r\n\r\n<p id=\"tw-target-text\">The cancellation protection can only be purchased at the time of booking and costs SEK 250. It takes effect when the final payment is paid, ie 40 days before arrival. NOTE, regarding Dance Week \/ week 27, the cancellation protection applies from 30\/4. It gives you the money back (with deduction for cancellation protection and booking fee of SEK 700 in total) in the event of illness, death or other accident of a serious nature against a valid certificate.<\/p>\r\n\r\n\r\n\r\n<h3 id=\"tw-target-text\">Cancellation policy<\/h3>\r\n\r\n\r\n\r\n<p id=\"tw-target-text\">Cancellation can be made free of charge until the registration fee \/ down payment has been paid. In case of cancellation after the registration fee has been paid, we charge a cancellation fee of SEK 700. When the final payment has been paid, no refund will be made without cancellation protection. If you have bought for cancellation protection, you can cancel until the day before arrival and get your money back with a deduction for cancellation protection and cancellation fee (SEK 700 in total), against a valid certificate. If you wish to shorten your booking between paying the registration fee and the final payment, a rebooking cost of SEK 150 will be added. After the final payment has been paid, it is not possible to shorten the booking. Read more under Cancellation protection and Payment.<\/p>\r\n\r\n\r\n\r\n<h3 id=\"tw-target-text\">Cot \/ High chair<\/h3>\r\n\r\n\r\n\r\n<p id=\"tw-target-text\"><br \/>You can rent a cot, high chair or extra mattress when you live in a cottage with us. Please let us know at the time of booking to guarantee access. You can also ask at the reception on site.<\/p>\r\n\r\n\r\n\r\n<h3 id=\"tw-target-text\">Sauna<\/h3>\r\n\r\n\r\n\r\n<p id=\"tw-target-text\">At the campsite there is a wood-fired sauna with its own jetty. The sauna can be rented for two hours at a time for SEK 400. Book your time at the reception. The key is picked up half an hour before the agreed time so that you can heat the sauna on your own. The key is returned no later than half an hour after the agreed time. Free sauna is available during high season in the service house in the cottage village, open 17-21.<\/p>\r\n\r\n\r\n\r\n<h3 id=\"tw-target-text\">Payment<\/h3>\r\n\r\n\r\n\r\n<p id=\"tw-target-text\">When booking via email or telephone, a booking fee of SEK 100 will be added where we will send you an invoice via email. The registration fee of 25% of the rental amount must be paid within 10 days. The remaining amount must be paid no later than 40 days before arrival. For bookings less than 50 days before arrival, the full amount is payable within 10 days. NOTE, other booking rules regarding Dance Band Week, see the tab &#8216;Dance Week&#8217;.<\/p>\r\n\r\n\r\n\r\n<h3>Camping Key Europe<\/h3>\r\n\r\n\r\n\r\n<p>Vid incheckning beh\u00f6ver v\u00e5ra campingg\u00e4ster (ej stugg\u00e4ster) ett giltigt Camping-ID eller Camping Key Europe. Har du det redo f\u00e5r du en snabbare och smidigare incheckning. Camping Key Europe finns att k\u00f6pa via v\u00e5r hemsida under fliken \u2019Camping\u2019. Camping-ID kan du ladda ner i appen <em>My Camping Key<\/em>.<br \/><em>Observera att detta endast g\u00e4ller bokningar f\u00f6r campingtomt, v\u00e5ra stugg\u00e4ster beh\u00f6ver allts\u00e5 inte ett Camping Key Europe.<\/em><\/p>\r\n\r\n\r\n\r\n<h3>Bicycle rental<\/h3>\r\n\r\n\r\n\r\n<p id=\"tw-target-text\">We have a limited number of bicycles for rent at the reception. SEK 130 per day, SEK 340 for 3 days and SEK 600 for 1 week.<\/p>\r\n\r\n\r\n\r\n<h3>Electrical outlet<\/h3>\r\n\r\n\r\n\r\n<p id=\"tw-target-text\">In most of our places, you need a transition adapter to be able to connect the electrical cabinet. Available for purchase at the reception for SEK 240.<\/p>\r\n\r\n\r\n\r\n<h3 id=\"tw-target-text\">Check-in and check-out<\/h3>\r\n\r\n\r\n\r\n<p id=\"tw-target-text\">Check-in takes place after 15:00. If you wish to check in after 23:00, please let us know. Check-out of cabins must take place no later than 11.00 at the reception. The cottage must be cleaned according to the instructions in the cottage. The cottage owner does not need to check the cottage before departure. Uncleaned cottage is charged with 2000 SEK. Final cleaning can be purchased no later than one day before departure, from SEK 795. Check-out of the camping site takes place no later than 14.00.<\/p>\r\n\r\n\r\n\r\n<h3 id=\"tw-target-text\">Internet<\/h3>\r\n\r\n\r\n\r\n<p id=\"tw-target-text\">In the area there is free wifi via Telia. Ask for help at the reception if you have problems connecting to the wifi.<\/p>\r\n\r\n\r\n\r\n<h3 id=\"tw-target-text\">Parking<\/h3>\r\n\r\n\r\n\r\n<p>Only on car per camping or cottage. All parking on the campsite is free, including the guest parking by the reception.\u00a0<\/p>\r\n\r\n\r\n\r\n<h3 id=\"tw-target-text\">Reception<\/h3>\r\n\r\n\r\n\r\n<p id=\"tw-target-text\">The reception is open between 7-23 during high season. During the low season, opening hours may vary, see the website or notices at the reception. In the reception there is tourist information, bus timetables, transition adapter, TV cable etc. You can always turn to the reception if you need help with something.<\/p>\r\n","protected":false},"excerpt":{"rendered":"<p>Here you will find information, A to Z. Activities We have our well-attended and fresh pool, indoor paddle courts, bike park, mini golf, bouncy castle and a number of playgrounds on the campsite. In high season we have Yoga with Cornelia next to the boathouse by the sea. Cancellation protection The cancellation protection can only [&hellip;]<\/p>\n","protected":false},"author":1,"featured_media":2220,"parent":0,"menu_order":0,"comment_status":"closed","ping_status":"closed","template":"templates\/template-bra-att-veta.php","meta":[],"yoast_head":"<!-- This site is optimized with the Yoast SEO plugin v16.1.1 - https:\/\/yoast.com\/wordpress\/plugins\/seo\/ -->\n<title>Good to know - Lundeg\u00e5rd Camping<\/title>\n<link rel=\"canonical\" href=\"https:\/\/lundegard.se\/en\/bra-att-veta\/\" \/>\n<meta property=\"og:locale\" content=\"en_US\" \/>\n<meta property=\"og:type\" content=\"article\" \/>\n<meta property=\"og:title\" content=\"Good to know - Lundeg\u00e5rd Camping\" \/>\n<meta property=\"og:description\" content=\"Here you will find information, A to Z. Activities We have our well-attended and fresh pool, indoor paddle courts, bike park, mini golf, bouncy castle and a number of playgrounds on the campsite. In high season we have Yoga with Cornelia next to the boathouse by the sea. Cancellation protection The cancellation protection can only [&hellip;]\" \/>\n<meta property=\"og:url\" content=\"https:\/\/lundegard.se\/en\/bra-att-veta\/\" \/>\n<meta property=\"og:site_name\" content=\"Lundeg\u00e5rd Camping\" \/>\n<meta property=\"article:modified_time\" content=\"2023-08-19T14:44:44+00:00\" \/>\n<meta property=\"og:image\" content=\"https:\/\/lundegard.se\/wp-content\/uploads\/2021\/03\/bra-velaheaderbild.jpg\" \/>\n\t<meta property=\"og:image:width\" content=\"1920\" \/>\n\t<meta property=\"og:image:height\" content=\"638\" \/>\n<meta name=\"twitter:card\" content=\"summary_large_image\" \/>\n<meta name=\"twitter:label1\" content=\"Est. reading time\">\n\t<meta name=\"twitter:data1\" content=\"4 minutes\">\n<script type=\"application\/ld+json\" class=\"yoast-schema-graph\">{\"@context\":\"https:\/\/schema.org\",\"@graph\":[{\"@type\":\"WebSite\",\"@id\":\"https:\/\/lundegard.se\/#website\",\"url\":\"https:\/\/lundegard.se\/\",\"name\":\"Lundeg\\u00e5rd Camping\",\"description\":\"Camping &amp; Stugor p\\u00e5 \\u00d6land\",\"potentialAction\":[{\"@type\":\"SearchAction\",\"target\":\"https:\/\/lundegard.se\/?s={search_term_string}\",\"query-input\":\"required name=search_term_string\"}],\"inLanguage\":\"en-US\"},{\"@type\":\"ImageObject\",\"@id\":\"https:\/\/lundegard.se\/en\/bra-att-veta\/#primaryimage\",\"inLanguage\":\"en-US\",\"url\":\"https:\/\/lundegard.se\/wp-content\/uploads\/2021\/03\/bra-velaheaderbild.jpg\",\"contentUrl\":\"https:\/\/lundegard.se\/wp-content\/uploads\/2021\/03\/bra-velaheaderbild.jpg\",\"width\":1920,\"height\":638,\"caption\":\"bra atta veta-headerbild\"},{\"@type\":\"WebPage\",\"@id\":\"https:\/\/lundegard.se\/en\/bra-att-veta\/#webpage\",\"url\":\"https:\/\/lundegard.se\/en\/bra-att-veta\/\",\"name\":\"Good to know - Lundeg\\u00e5rd Camping\",\"isPartOf\":{\"@id\":\"https:\/\/lundegard.se\/#website\"},\"primaryImageOfPage\":{\"@id\":\"https:\/\/lundegard.se\/en\/bra-att-veta\/#primaryimage\"},\"datePublished\":\"2020-12-31T10:10:48+00:00\",\"dateModified\":\"2023-08-19T14:44:44+00:00\",\"breadcrumb\":{\"@id\":\"https:\/\/lundegard.se\/en\/bra-att-veta\/#breadcrumb\"},\"inLanguage\":\"en-US\",\"potentialAction\":[{\"@type\":\"ReadAction\",\"target\":[\"https:\/\/lundegard.se\/en\/bra-att-veta\/\"]}]},{\"@type\":\"BreadcrumbList\",\"@id\":\"https:\/\/lundegard.se\/en\/bra-att-veta\/#breadcrumb\",\"itemListElement\":[{\"@type\":\"ListItem\",\"position\":1,\"item\":{\"@type\":\"WebPage\",\"@id\":\"https:\/\/lundegard.se\/en\/\",\"url\":\"https:\/\/lundegard.se\/en\/\",\"name\":\"Hem\"}},{\"@type\":\"ListItem\",\"position\":2,\"item\":{\"@type\":\"WebPage\",\"@id\":\"https:\/\/lundegard.se\/en\/bra-att-veta\/\",\"url\":\"https:\/\/lundegard.se\/en\/bra-att-veta\/\",\"name\":\"Good to know\"}}]}]}<\/script>\n<!-- \/ Yoast SEO plugin. -->","_links":{"self":[{"href":"https:\/\/lundegard.se\/en\/wp-json\/wp\/v2\/pages\/1606"}],"collection":[{"href":"https:\/\/lundegard.se\/en\/wp-json\/wp\/v2\/pages"}],"about":[{"href":"https:\/\/lundegard.se\/en\/wp-json\/wp\/v2\/types\/page"}],"author":[{"embeddable":true,"href":"https:\/\/lundegard.se\/en\/wp-json\/wp\/v2\/users\/1"}],"replies":[{"embeddable":true,"href":"https:\/\/lundegard.se\/en\/wp-json\/wp\/v2\/comments?post=1606"}],"version-history":[{"count":14,"href":"https:\/\/lundegard.se\/en\/wp-json\/wp\/v2\/pages\/1606\/revisions"}],"predecessor-version":[{"id":3545,"href":"https:\/\/lundegard.se\/en\/wp-json\/wp\/v2\/pages\/1606\/revisions\/3545"}],"wp:featuredmedia":[{"embeddable":true,"href":"https:\/\/lundegard.se\/en\/wp-json\/wp\/v2\/media\/2220"}],"wp:attachment":[{"href":"https:\/\/lundegard.se\/en\/wp-json\/wp\/v2\/media?parent=1606"}],"curies":[{"name":"wp","href":"https:\/\/api.w.org\/{rel}","templated":true}]}}