
{"id":1736,"date":"2020-12-31T16:37:49","date_gmt":"2020-12-31T16:37:49","guid":{"rendered":"http:\/\/lundegard.se\/?page_id=1736"},"modified":"2025-08-19T11:19:39","modified_gmt":"2025-08-19T11:19:39","slug":"dansvecka","status":"publish","type":"page","link":"https:\/\/lundegard.se\/en\/dansvecka\/","title":{"rendered":"Dance week 2026"},"content":{"rendered":"\r\n<figure class=\"wp-block-image size-large\"><\/figure>\r\n\r\n\r\n\r\n<h3 id=\"tw-target-text\">Dance week at Lundeg\u00e5rd is this summer&#8217;s big dance party.<\/h3>\r\n\r\n\r\n\r\n<p>The log dance at Lundeg\u00e5rd has a long history. It was in the mid-60s that the foundation for Lundeg\u00e5rd and its log dance was laid. During the 70&#8217;s, it was danced continuously throughout the summer and the campsite grew so fast. Today, Dance Week in July (v.27) is one of Sweden&#8217;s most well-attended dance events with 1-2 dance bands per night. Sports bottle and a good pair of dancing shoes are what counts!<\/p>\r\n\r\n\r\n\r\n<figure class=\"wp-block-image size-large\"><\/figure>\r\n\r\n\r\n\r\n<p id=\"tw-target-text\" class=\"has-text-align-center\"><strong>WEEKLY BAND: SEK 1295\u00a0<\/strong><\/p>\r\n\r\n\r\n\r\n<p id=\"tw-target-text\" class=\"has-text-align-center\"><strong>EVENING ENTRY: SEK 260<\/strong><\/p>\r\n\r\n\r\n\r\n<p id=\"tw-target-text\">For those of you who solve a weekly band, we give a 50% discount on pool, playground &amp; golf entrance.<\/p>\r\n\r\n\r\n\r\n<p id=\"tw-target-text\"><strong>Sale of the weekly bands: <\/strong>takes place as usual during Friday and Saturday until: 19.30, at the campsite&#8217;s reception.<\/p>\r\n\r\n\r\n\r\n<p>Ordinary entrance tickets can not be purchased in advance. Payment is by card, cash or swish at the box office.<\/p>\r\n\r\n\r\n\r\n<p id=\"tw-target-text\">Children under 15 free, note. only in the company of a guardian. Coffee, coffee and beer service in the area.<\/p>\r\n\r\n\r\n\r\n<p>On Facebook: \/ \u00f6landsveckan<\/p>\r\n\r\n\r\n\r\n<p id=\"tw-target-text\">On twitter: @dansveckan<\/p>\r\n\r\n\r\n\r\n<p id=\"tw-target-text\"><strong>To make the week even a little smoother and more wonderful, here are some tips!<\/strong><\/p>\r\n\r\n\r\n\r\n<p id=\"tw-target-text\">&#8211; All camping guests (not cabins) must have a current camping card at check-in, make sure you already have a new or updated card when you check in! You buy your card at www.lundegard.se\/camping. By arriving prepared, we reduce the queues at check-in.<\/p>\r\n\r\n\r\n\r\n<p id=\"tw-target-text\">&#8211; The weekly tapes are as usual for sale outside the reception on Friday and Saturday.<\/p>\r\n\r\n\r\n\r\n<p>&#8211;<\/p>\r\n\r\n\r\n\r\n<p id=\"tw-target-text\">Join \u00d6land Week on Facebook for information that applies to most things<\/p>\r\n","protected":false},"excerpt":{"rendered":"<p>Dance week at Lundeg\u00e5rd is this summer&#8217;s big dance party. The log dance at Lundeg\u00e5rd has a long history. It was in the mid-60s that the foundation for Lundeg\u00e5rd and its log dance was laid. During the 70&#8217;s, it was danced continuously throughout the summer and the campsite grew so fast. Today, Dance Week in [&hellip;]<\/p>\n","protected":false},"author":1,"featured_media":1123,"parent":0,"menu_order":0,"comment_status":"closed","ping_status":"closed","template":"templates\/template-dansveckan.php","meta":[],"yoast_head":"<!-- This site is optimized with the Yoast SEO plugin v16.1.1 - https:\/\/yoast.com\/wordpress\/plugins\/seo\/ -->\n<title>Dance week 2026 - Lundeg\u00e5rd Camping<\/title>\n<link rel=\"canonical\" href=\"https:\/\/lundegard.se\/en\/dansvecka\/\" \/>\n<meta property=\"og:locale\" content=\"en_US\" \/>\n<meta property=\"og:type\" content=\"article\" \/>\n<meta property=\"og:title\" content=\"Dance week 2026 - Lundeg\u00e5rd Camping\" \/>\n<meta property=\"og:description\" content=\"Dance week at Lundeg\u00e5rd is this summer&#8217;s big dance party. The log dance at Lundeg\u00e5rd has a long history. It was in the mid-60s that the foundation for Lundeg\u00e5rd and its log dance was laid. During the 70&#8217;s, it was danced continuously throughout the summer and the campsite grew so fast. Today, Dance Week in [&hellip;]\" \/>\n<meta property=\"og:url\" content=\"https:\/\/lundegard.se\/en\/dansvecka\/\" \/>\n<meta property=\"og:site_name\" content=\"Lundeg\u00e5rd Camping\" \/>\n<meta property=\"article:modified_time\" content=\"2025-08-19T11:19:39+00:00\" \/>\n<meta property=\"og:image\" content=\"https:\/\/lundegard.se\/wp-content\/uploads\/2020\/12\/Dansen-header.jpg\" \/>\n\t<meta property=\"og:image:width\" content=\"2000\" \/>\n\t<meta property=\"og:image:height\" content=\"500\" \/>\n<meta name=\"twitter:card\" content=\"summary_large_image\" \/>\n<meta name=\"twitter:label1\" content=\"Est. reading time\">\n\t<meta name=\"twitter:data1\" content=\"2 minutes\">\n<script type=\"application\/ld+json\" class=\"yoast-schema-graph\">{\"@context\":\"https:\/\/schema.org\",\"@graph\":[{\"@type\":\"WebSite\",\"@id\":\"https:\/\/lundegard.se\/#website\",\"url\":\"https:\/\/lundegard.se\/\",\"name\":\"Lundeg\\u00e5rd Camping\",\"description\":\"Camping &amp; Stugor p\\u00e5 \\u00d6land\",\"potentialAction\":[{\"@type\":\"SearchAction\",\"target\":\"https:\/\/lundegard.se\/?s={search_term_string}\",\"query-input\":\"required name=search_term_string\"}],\"inLanguage\":\"en-US\"},{\"@type\":\"ImageObject\",\"@id\":\"https:\/\/lundegard.se\/en\/dansvecka\/#primaryimage\",\"inLanguage\":\"en-US\",\"url\":\"https:\/\/lundegard.se\/wp-content\/uploads\/2020\/12\/Dansen-header.jpg\",\"contentUrl\":\"https:\/\/lundegard.se\/wp-content\/uploads\/2020\/12\/Dansen-header.jpg\",\"width\":2000,\"height\":500,\"caption\":\"Dance banner\"},{\"@type\":\"WebPage\",\"@id\":\"https:\/\/lundegard.se\/en\/dansvecka\/#webpage\",\"url\":\"https:\/\/lundegard.se\/en\/dansvecka\/\",\"name\":\"Dance week 2026 - Lundeg\\u00e5rd Camping\",\"isPartOf\":{\"@id\":\"https:\/\/lundegard.se\/#website\"},\"primaryImageOfPage\":{\"@id\":\"https:\/\/lundegard.se\/en\/dansvecka\/#primaryimage\"},\"datePublished\":\"2020-12-31T16:37:49+00:00\",\"dateModified\":\"2025-08-19T11:19:39+00:00\",\"breadcrumb\":{\"@id\":\"https:\/\/lundegard.se\/en\/dansvecka\/#breadcrumb\"},\"inLanguage\":\"en-US\",\"potentialAction\":[{\"@type\":\"ReadAction\",\"target\":[\"https:\/\/lundegard.se\/en\/dansvecka\/\"]}]},{\"@type\":\"BreadcrumbList\",\"@id\":\"https:\/\/lundegard.se\/en\/dansvecka\/#breadcrumb\",\"itemListElement\":[{\"@type\":\"ListItem\",\"position\":1,\"item\":{\"@type\":\"WebPage\",\"@id\":\"https:\/\/lundegard.se\/en\/\",\"url\":\"https:\/\/lundegard.se\/en\/\",\"name\":\"Hem\"}},{\"@type\":\"ListItem\",\"position\":2,\"item\":{\"@type\":\"WebPage\",\"@id\":\"https:\/\/lundegard.se\/en\/dansvecka\/\",\"url\":\"https:\/\/lundegard.se\/en\/dansvecka\/\",\"name\":\"Dance week 2026\"}}]}]}<\/script>\n<!-- \/ Yoast SEO plugin. -->","_links":{"self":[{"href":"https:\/\/lundegard.se\/en\/wp-json\/wp\/v2\/pages\/1736"}],"collection":[{"href":"https:\/\/lundegard.se\/en\/wp-json\/wp\/v2\/pages"}],"about":[{"href":"https:\/\/lundegard.se\/en\/wp-json\/wp\/v2\/types\/page"}],"author":[{"embeddable":true,"href":"https:\/\/lundegard.se\/en\/wp-json\/wp\/v2\/users\/1"}],"replies":[{"embeddable":true,"href":"https:\/\/lundegard.se\/en\/wp-json\/wp\/v2\/comments?post=1736"}],"version-history":[{"count":6,"href":"https:\/\/lundegard.se\/en\/wp-json\/wp\/v2\/pages\/1736\/revisions"}],"predecessor-version":[{"id":4237,"href":"https:\/\/lundegard.se\/en\/wp-json\/wp\/v2\/pages\/1736\/revisions\/4237"}],"wp:featuredmedia":[{"embeddable":true,"href":"https:\/\/lundegard.se\/en\/wp-json\/wp\/v2\/media\/1123"}],"wp:attachment":[{"href":"https:\/\/lundegard.se\/en\/wp-json\/wp\/v2\/media?parent=1736"}],"curies":[{"name":"wp","href":"https:\/\/api.w.org\/{rel}","templated":true}]}}