
{"id":1790,"date":"2020-12-31T18:31:23","date_gmt":"2020-12-31T18:31:23","guid":{"rendered":"http:\/\/lundegard.se\/?page_id=1790"},"modified":"2025-08-19T10:28:36","modified_gmt":"2025-08-19T10:28:36","slug":"cykeluthyrning","status":"publish","type":"page","link":"https:\/\/lundegard.se\/en\/aktiviteter\/cykeluthyrning\/","title":{"rendered":"Bicycle rental"},"content":{"rendered":"\r\n<p id=\"tw-target-text\">We have a limited number of bicycles for rent at the reception. SEK 200 per day and SEK 1 100 for 1 week.<\/p>\r\n<p>We have a limited amount of helmets to children, we recommend bringing your own helmets.<\/p>\r\n","protected":false},"excerpt":{"rendered":"<p>Vi har ett begr\u00e4nsat antal cyklar till uthyrning i receptionen. 130 kr per dag, 340 kr f\u00f6r 3 dagar och 600 kr f\u00f6r 1 vecka.<\/p>\n","protected":false},"author":1,"featured_media":3109,"parent":651,"menu_order":0,"comment_status":"closed","ping_status":"closed","template":"templates\/template-aktiviteter-inner.php","meta":[],"yoast_head":"<!-- This site is optimized with the Yoast SEO plugin v16.1.1 - https:\/\/yoast.com\/wordpress\/plugins\/seo\/ -->\n<title>Bicycle rental - Lundeg\u00e5rd Camping<\/title>\n<link rel=\"canonical\" href=\"https:\/\/lundegard.se\/en\/aktiviteter\/cykeluthyrning\/\" \/>\n<meta property=\"og:locale\" content=\"en_US\" \/>\n<meta property=\"og:type\" content=\"article\" \/>\n<meta property=\"og:title\" content=\"Bicycle rental - Lundeg\u00e5rd Camping\" \/>\n<meta property=\"og:description\" content=\"Vi har ett begr\u00e4nsat antal cyklar till uthyrning i receptionen. 130 kr per dag, 340 kr f\u00f6r 3 dagar och 600 kr f\u00f6r 1 vecka.\" \/>\n<meta property=\"og:url\" content=\"https:\/\/lundegard.se\/en\/aktiviteter\/cykeluthyrning\/\" \/>\n<meta property=\"og:site_name\" content=\"Lundeg\u00e5rd Camping\" \/>\n<meta property=\"article:modified_time\" content=\"2025-08-19T10:28:36+00:00\" \/>\n<meta property=\"og:image\" content=\"https:\/\/lundegard.se\/wp-content\/uploads\/2022\/08\/DSC4151-scaled.jpg\" \/>\n\t<meta property=\"og:image:width\" content=\"1707\" \/>\n\t<meta property=\"og:image:height\" content=\"2560\" \/>\n<meta name=\"twitter:card\" content=\"summary_large_image\" \/>\n<meta name=\"twitter:label1\" content=\"Est. reading time\">\n\t<meta name=\"twitter:data1\" content=\"1 minute\">\n<script type=\"application\/ld+json\" class=\"yoast-schema-graph\">{\"@context\":\"https:\/\/schema.org\",\"@graph\":[{\"@type\":\"WebSite\",\"@id\":\"https:\/\/lundegard.se\/#website\",\"url\":\"https:\/\/lundegard.se\/\",\"name\":\"Lundeg\\u00e5rd Camping\",\"description\":\"Camping &amp; Stugor p\\u00e5 \\u00d6land\",\"potentialAction\":[{\"@type\":\"SearchAction\",\"target\":\"https:\/\/lundegard.se\/?s={search_term_string}\",\"query-input\":\"required name=search_term_string\"}],\"inLanguage\":\"en-US\"},{\"@type\":\"ImageObject\",\"@id\":\"https:\/\/lundegard.se\/en\/aktiviteter\/cykeluthyrning\/#primaryimage\",\"inLanguage\":\"en-US\",\"url\":\"https:\/\/lundegard.se\/wp-content\/uploads\/2022\/08\/DSC4151-scaled.jpg\",\"contentUrl\":\"https:\/\/lundegard.se\/wp-content\/uploads\/2022\/08\/DSC4151-scaled.jpg\",\"width\":1707,\"height\":2560},{\"@type\":\"WebPage\",\"@id\":\"https:\/\/lundegard.se\/en\/aktiviteter\/cykeluthyrning\/#webpage\",\"url\":\"https:\/\/lundegard.se\/en\/aktiviteter\/cykeluthyrning\/\",\"name\":\"Bicycle rental - Lundeg\\u00e5rd Camping\",\"isPartOf\":{\"@id\":\"https:\/\/lundegard.se\/#website\"},\"primaryImageOfPage\":{\"@id\":\"https:\/\/lundegard.se\/en\/aktiviteter\/cykeluthyrning\/#primaryimage\"},\"datePublished\":\"2020-12-31T18:31:23+00:00\",\"dateModified\":\"2025-08-19T10:28:36+00:00\",\"breadcrumb\":{\"@id\":\"https:\/\/lundegard.se\/en\/aktiviteter\/cykeluthyrning\/#breadcrumb\"},\"inLanguage\":\"en-US\",\"potentialAction\":[{\"@type\":\"ReadAction\",\"target\":[\"https:\/\/lundegard.se\/en\/aktiviteter\/cykeluthyrning\/\"]}]},{\"@type\":\"BreadcrumbList\",\"@id\":\"https:\/\/lundegard.se\/en\/aktiviteter\/cykeluthyrning\/#breadcrumb\",\"itemListElement\":[{\"@type\":\"ListItem\",\"position\":1,\"item\":{\"@type\":\"WebPage\",\"@id\":\"https:\/\/lundegard.se\/en\/\",\"url\":\"https:\/\/lundegard.se\/en\/\",\"name\":\"Hem\"}},{\"@type\":\"ListItem\",\"position\":2,\"item\":{\"@type\":\"WebPage\",\"@id\":\"https:\/\/lundegard.se\/en\/aktiviteter\/\",\"url\":\"https:\/\/lundegard.se\/en\/aktiviteter\/\",\"name\":\"Activities\"}},{\"@type\":\"ListItem\",\"position\":3,\"item\":{\"@type\":\"WebPage\",\"@id\":\"https:\/\/lundegard.se\/en\/aktiviteter\/cykeluthyrning\/\",\"url\":\"https:\/\/lundegard.se\/en\/aktiviteter\/cykeluthyrning\/\",\"name\":\"Bicycle rental\"}}]}]}<\/script>\n<!-- \/ Yoast SEO plugin. -->","_links":{"self":[{"href":"https:\/\/lundegard.se\/en\/wp-json\/wp\/v2\/pages\/1790"}],"collection":[{"href":"https:\/\/lundegard.se\/en\/wp-json\/wp\/v2\/pages"}],"about":[{"href":"https:\/\/lundegard.se\/en\/wp-json\/wp\/v2\/types\/page"}],"author":[{"embeddable":true,"href":"https:\/\/lundegard.se\/en\/wp-json\/wp\/v2\/users\/1"}],"replies":[{"embeddable":true,"href":"https:\/\/lundegard.se\/en\/wp-json\/wp\/v2\/comments?post=1790"}],"version-history":[{"count":4,"href":"https:\/\/lundegard.se\/en\/wp-json\/wp\/v2\/pages\/1790\/revisions"}],"predecessor-version":[{"id":4223,"href":"https:\/\/lundegard.se\/en\/wp-json\/wp\/v2\/pages\/1790\/revisions\/4223"}],"up":[{"embeddable":true,"href":"https:\/\/lundegard.se\/en\/wp-json\/wp\/v2\/pages\/651"}],"wp:featuredmedia":[{"embeddable":true,"href":"https:\/\/lundegard.se\/en\/wp-json\/wp\/v2\/media\/3109"}],"wp:attachment":[{"href":"https:\/\/lundegard.se\/en\/wp-json\/wp\/v2\/media?parent=1790"}],"curies":[{"name":"wp","href":"https:\/\/api.w.org\/{rel}","templated":true}]}}