
{"id":453,"date":"2020-12-18T06:10:57","date_gmt":"2020-12-18T06:10:57","guid":{"rendered":"http:\/\/lundegard.se\/?page_id=453"},"modified":"2025-08-19T09:20:21","modified_gmt":"2025-08-19T09:20:21","slug":"home","status":"publish","type":"page","link":"https:\/\/lundegard.se\/en\/","title":{"rendered":"Home"},"content":{"rendered":"","protected":false},"excerpt":{"rendered":"","protected":false},"author":1,"featured_media":0,"parent":0,"menu_order":0,"comment_status":"closed","ping_status":"closed","template":"templates\/template-home.php","meta":[],"yoast_head":"<!-- This site is optimized with the Yoast SEO plugin v16.1.1 - https:\/\/yoast.com\/wordpress\/plugins\/seo\/ -->\n<title>Welcome to Lundeg\u00e5rd | Lundeg\u00e5rd \u00d6land<\/title>\n<link rel=\"canonical\" href=\"https:\/\/lundegard.se\/en\/\" \/>\n<meta property=\"og:locale\" content=\"en_US\" \/>\n<meta property=\"og:type\" content=\"article\" \/>\n<meta property=\"og:title\" content=\"Welcome to Lundeg\u00e5rd | Lundeg\u00e5rd \u00d6land\" \/>\n<meta property=\"og:url\" content=\"https:\/\/lundegard.se\/en\/\" \/>\n<meta property=\"og:site_name\" content=\"Lundeg\u00e5rd Camping\" \/>\n<meta property=\"article:modified_time\" content=\"2025-08-19T09:20:21+00:00\" \/>\n<meta name=\"twitter:card\" content=\"summary_large_image\" \/>\n<script type=\"application\/ld+json\" class=\"yoast-schema-graph\">{\"@context\":\"https:\/\/schema.org\",\"@graph\":[{\"@type\":\"WebSite\",\"@id\":\"https:\/\/lundegard.se\/#website\",\"url\":\"https:\/\/lundegard.se\/\",\"name\":\"Lundeg\\u00e5rd Camping\",\"description\":\"Camping &amp; Stugor p\\u00e5 \\u00d6land\",\"potentialAction\":[{\"@type\":\"SearchAction\",\"target\":\"https:\/\/lundegard.se\/?s={search_term_string}\",\"query-input\":\"required name=search_term_string\"}],\"inLanguage\":\"en-US\"},{\"@type\":\"WebPage\",\"@id\":\"https:\/\/lundegard.se\/en\/#webpage\",\"url\":\"https:\/\/lundegard.se\/en\/\",\"name\":\"Welcome to Lundeg\\u00e5rd | Lundeg\\u00e5rd \\u00d6land\",\"isPartOf\":{\"@id\":\"https:\/\/lundegard.se\/#website\"},\"datePublished\":\"2020-12-18T06:10:57+00:00\",\"dateModified\":\"2025-08-19T09:20:21+00:00\",\"breadcrumb\":{\"@id\":\"https:\/\/lundegard.se\/en\/#breadcrumb\"},\"inLanguage\":\"en-US\",\"potentialAction\":[{\"@type\":\"ReadAction\",\"target\":[\"https:\/\/lundegard.se\/en\/\"]}]},{\"@type\":\"BreadcrumbList\",\"@id\":\"https:\/\/lundegard.se\/en\/#breadcrumb\",\"itemListElement\":[{\"@type\":\"ListItem\",\"position\":1,\"item\":{\"@type\":\"WebPage\",\"@id\":\"https:\/\/lundegard.se\/en\/\",\"url\":\"https:\/\/lundegard.se\/en\/\",\"name\":\"Hem\"}},{\"@type\":\"ListItem\",\"position\":2,\"item\":{\"@type\":\"WebPage\",\"@id\":\"https:\/\/lundegard.se\/en\/\",\"url\":\"https:\/\/lundegard.se\/en\/\",\"name\":\"Home\"}}]}]}<\/script>\n<!-- \/ Yoast SEO plugin. -->","_links":{"self":[{"href":"https:\/\/lundegard.se\/en\/wp-json\/wp\/v2\/pages\/453"}],"collection":[{"href":"https:\/\/lundegard.se\/en\/wp-json\/wp\/v2\/pages"}],"about":[{"href":"https:\/\/lundegard.se\/en\/wp-json\/wp\/v2\/types\/page"}],"author":[{"embeddable":true,"href":"https:\/\/lundegard.se\/en\/wp-json\/wp\/v2\/users\/1"}],"replies":[{"embeddable":true,"href":"https:\/\/lundegard.se\/en\/wp-json\/wp\/v2\/comments?post=453"}],"version-history":[{"count":34,"href":"https:\/\/lundegard.se\/en\/wp-json\/wp\/v2\/pages\/453\/revisions"}],"predecessor-version":[{"id":4210,"href":"https:\/\/lundegard.se\/en\/wp-json\/wp\/v2\/pages\/453\/revisions\/4210"}],"wp:attachment":[{"href":"https:\/\/lundegard.se\/en\/wp-json\/wp\/v2\/media?parent=453"}],"curies":[{"name":"wp","href":"https:\/\/api.w.org\/{rel}","templated":true}]}}