
{"id":765,"date":"2020-12-21T12:59:53","date_gmt":"2020-12-21T12:59:53","guid":{"rendered":"http:\/\/lundegard.se\/?page_id=765"},"modified":"2020-12-31T10:16:29","modified_gmt":"2020-12-31T10:16:29","slug":"super-rally-2020","status":"publish","type":"page","link":"https:\/\/lundegard.se\/en\/super-rally-2020\/","title":{"rendered":"Super Rally 2020"},"content":{"rendered":"\n<p><h3>FH-DCE Super Rally\u00ae 2020 INST\u00c4LLT!<\/h3><\/p>\n\n\n\n<p>Tyv\u00e4rr beh\u00f6ver vi meddela Er att vi inte kommer genomf\u00f6ra FH-DCE Super Rally\u00ae 2020.<br>Flera tecken p\u00e5 samh\u00e4llsspridning av Covid-19 sker just nu i v\u00e4rlden och flera l\u00e4nder har inf\u00f6rt ett<br>antal restriktioner f\u00f6r att f\u00f6rebygga medm\u00e4nniskors risk att bli smittade. F\u00f6r att s\u00e4tta din och andras<br>h\u00e4lsa och v\u00e4lm\u00e5ende i f\u00f6rsta hand st\u00e4ller vi in FH-DCE Super Rally\u00ae.<br>Vi vill inte medverka till \u00f6kad smittspridning.<br>Detta \u00e4r oerh\u00f6rt tr\u00e5kigt men vi hoppas p\u00e5 Er f\u00f6rst\u00e5else f\u00f6r detta beslut.<br>Vi kommer ist\u00e4llet att genomf\u00f6ra FH-DCE Super Rally\u00ae 1-5 juni 2022 efter bifall p\u00e5 kommande FHDCE<br>presidentm\u00f6te i november. Anledningen till att vi inte ans\u00f6ker till 2021 beror p\u00e5 att v\u00e5r broderklubb<br>i FH-DCE, Harley-Davidson Club Hellas, har kommit f\u00f6r l\u00e5ngt med sina f\u00f6rberedelser.<br>Ni som har bokat stugor har naturligtvis kvar dessa till 2022.<br>\u00c5terigen s\u00e5 ber vi er om f\u00f6rst\u00e5else f\u00f6r detta tuffa beslut. Nu s\u00e4tter vi siktet p\u00e5 2022 och kommer<br>jobba stenh\u00e5rt med att genomf\u00f6ra FH-DCE Super Rally\u00ae 2022 p\u00e5 Lundeg\u00e5rds Camping.<br>Men!<br>Om Coronaepidemin har lagt sig s\u00e5 vill \u00e4nd\u00e5 Lundeg\u00e5rd Camping och Powerevent st\u00e4lla till med<br>kalas f\u00f6r dig som sett fram emot en \u00d6landssemester. Vi kommer h\u00e5lla ett minirally i all enkelhet med<br>camping, lite musik &amp; dans, god mat &amp; dryck samt \u00d6lands fina solnedg\u00e5ng och perfekta HD-utflykter.<br>Tid: densamma 27-31 Maj 2020<br>Pris: 300 sek inklusive camping &amp; underh\u00e5llning<br>Ni som redan har bokat stugor kan anv\u00e4nda dem denna helg och har f\u00f6rtur p\u00e5 en ny bokning 2022.<br>Finns \u00e4ven ett antal stugor \u00f6ver att boka den helgen.<br>Slutgiltigt beslut fattas den 1 Maj om vi har m\u00f6jlighet att genomf\u00f6ra eller inte p\u00e5 grund av den<br>uppkomna situationen.<\/p>\n\n\n\n<p><strong>Fr\u00e5gor\/questions please e-mail:<\/strong><br>info@superrally.se<br>president@hdcs.se<br>Med v\u00e4nliga h\u00e4lsningar\/Best regards<br>Board of Harley-Davidson Club Sweden<br>President Robert Bodin<br>Harley-Davidson Club Sweden<\/p>\n\n\n\n<h3>FH-DCE Super Rally\u00ae 2020 CANCELLED!<\/h3>\n\n\n\n<p>Unfortunately, we need to inform you that we will not conduct the FH-DCE Super Rally\u00ae 2020.<br>Several signs of social spread of Covid-19 are happening in the world right now and several countries have introduced a number of restrictions to prevent the risk of contagion for human beings. To put your and others\u2019 health and well-being first, we cancel our upcoming FH-DCE Super Rally\u00ae.<br>We do not want to contribute to increased spread of infection.<br>This is extremely sad but we hope for your understanding of this decision.<br>We will instead conduct the FH-DCE Super Rally\u00ae June 1-5, 2022 after approval at the upcoming FH-DCE presidential meeting in November. The reason we are not applying for 2021 is because our brother-club in FH-DCE, Harley-Davidson Club Hellas, has come too far with its preparations.<br>Of course, those who have booked cottages will have these until 2022.<br>Again, we ask you to understand this tough decision. Now we set our sights on 2022 and will work hard to conduct the FH-DCE Super Rally\u00ae 2022 at Lundeg\u00e5rds Camping.<br>But!<br>If corona epidemic has subsided, Lundeg\u00e5rd Camping and Powerevent still want to hold a party for those who are looking forward to an \u00d6land holiday. We will hold a mini rally in all simplicity with camping, some music &amp; dance, good food &amp; drink and \u00d6land\u2019s nice sunset and perfect HD excursions.<br>Time: the same 27-31 May 2020<br>Price: 300 sek including camping &amp; entertainment<br>Those of you who have already booked cottages can use them this weekend and have priority on a new booking in 2022. There are also a number of cottages to book that weekend.<br>A final decision will be made on 1 th of May whether we are able to implement or not.<\/p>\n\n\n\n<p><strong>Fr\u00e5gor\/questions please e-mail:<\/strong><br>info@superrally.se<br>president@hdcs.se<br>Med v\u00e4nliga h\u00e4lsningar\/Best regards<br>Board of Harley-Davidson Club Sweden<br>President Robert Bodin<br>Harley-Davidson Club Sweden<\/p>\n\n\n\n<p><\/p>\n\n\n\n<h3>Important information regarding bookings for Super Rally 2020<\/h3>\n\n\n\n<ul><li>Upon check-in we will take a deposit of 1 500 SEK. In the event that the cottage does not meet the requirements upon inspection, we will keep the deposit.<\/li><li>All cottages will be rented out in a package deal wednesday \u2013 sunday (27-31\/5 2020). If you would like to add more days to your booking, please contact us and we will help you.<\/li><li>Bed linens is included in the price (towels are not).<\/li><li>Cottage type C and Deluxe will not be available for booking.<\/li><\/ul>\n","protected":false},"excerpt":{"rendered":"<p>FH-DCE Super Rally\u00ae 2020 INST\u00c4LLT! Tyv\u00e4rr beh\u00f6ver vi meddela Er att vi inte kommer genomf\u00f6ra FH-DCE Super Rally\u00ae 2020.Flera tecken p\u00e5 samh\u00e4llsspridning av Covid-19 sker just nu i v\u00e4rlden och flera l\u00e4nder har inf\u00f6rt ettantal restriktioner f\u00f6r att f\u00f6rebygga medm\u00e4nniskors risk att bli smittade. F\u00f6r att s\u00e4tta din och andrash\u00e4lsa och v\u00e4lm\u00e5ende i f\u00f6rsta hand [&hellip;]<\/p>\n","protected":false},"author":1,"featured_media":0,"parent":0,"menu_order":0,"comment_status":"closed","ping_status":"closed","template":"templates\/template-bra-att-veta.php","meta":[],"yoast_head":"<!-- This site is optimized with the Yoast SEO plugin v16.1.1 - https:\/\/yoast.com\/wordpress\/plugins\/seo\/ -->\n<title>Super Rally 2020 - Lundeg\u00e5rd<\/title>\n<link rel=\"canonical\" href=\"https:\/\/lundegard.se\/en\/super-rally-2020\/\" \/>\n<meta property=\"og:locale\" content=\"en_US\" \/>\n<meta property=\"og:type\" content=\"article\" \/>\n<meta property=\"og:title\" content=\"Super Rally 2020 - Lundeg\u00e5rd\" \/>\n<meta property=\"og:description\" content=\"FH-DCE Super Rally\u00ae 2020 INST\u00c4LLT! Tyv\u00e4rr beh\u00f6ver vi meddela Er att vi inte kommer genomf\u00f6ra FH-DCE Super Rally\u00ae 2020.Flera tecken p\u00e5 samh\u00e4llsspridning av Covid-19 sker just nu i v\u00e4rlden och flera l\u00e4nder har inf\u00f6rt ettantal restriktioner f\u00f6r att f\u00f6rebygga medm\u00e4nniskors risk att bli smittade. F\u00f6r att s\u00e4tta din och andrash\u00e4lsa och v\u00e4lm\u00e5ende i f\u00f6rsta hand [&hellip;]\" \/>\n<meta property=\"og:url\" content=\"https:\/\/lundegard.se\/en\/super-rally-2020\/\" \/>\n<meta property=\"og:site_name\" content=\"Lundeg\u00e5rd Camping\" \/>\n<meta property=\"article:modified_time\" content=\"2020-12-31T10:16:29+00:00\" \/>\n<meta name=\"twitter:card\" content=\"summary_large_image\" \/>\n<meta name=\"twitter:label1\" content=\"Est. reading time\">\n\t<meta name=\"twitter:data1\" content=\"4 minutes\">\n<script type=\"application\/ld+json\" class=\"yoast-schema-graph\">{\"@context\":\"https:\/\/schema.org\",\"@graph\":[{\"@type\":\"WebSite\",\"@id\":\"https:\/\/lundegard.se\/#website\",\"url\":\"https:\/\/lundegard.se\/\",\"name\":\"Lundeg\\u00e5rd Camping\",\"description\":\"Camping &amp; Stugor p\\u00e5 \\u00d6land\",\"potentialAction\":[{\"@type\":\"SearchAction\",\"target\":\"https:\/\/lundegard.se\/?s={search_term_string}\",\"query-input\":\"required name=search_term_string\"}],\"inLanguage\":\"en-US\"},{\"@type\":\"WebPage\",\"@id\":\"https:\/\/lundegard.se\/en\/super-rally-2020\/#webpage\",\"url\":\"https:\/\/lundegard.se\/en\/super-rally-2020\/\",\"name\":\"Super Rally 2020 - Lundeg\\u00e5rd\",\"isPartOf\":{\"@id\":\"https:\/\/lundegard.se\/#website\"},\"datePublished\":\"2020-12-21T12:59:53+00:00\",\"dateModified\":\"2020-12-31T10:16:29+00:00\",\"breadcrumb\":{\"@id\":\"https:\/\/lundegard.se\/en\/super-rally-2020\/#breadcrumb\"},\"inLanguage\":\"en-US\",\"potentialAction\":[{\"@type\":\"ReadAction\",\"target\":[\"https:\/\/lundegard.se\/en\/super-rally-2020\/\"]}]},{\"@type\":\"BreadcrumbList\",\"@id\":\"https:\/\/lundegard.se\/en\/super-rally-2020\/#breadcrumb\",\"itemListElement\":[{\"@type\":\"ListItem\",\"position\":1,\"item\":{\"@type\":\"WebPage\",\"@id\":\"https:\/\/lundegard.se\/en\/\",\"url\":\"https:\/\/lundegard.se\/en\/\",\"name\":\"Hem\"}},{\"@type\":\"ListItem\",\"position\":2,\"item\":{\"@type\":\"WebPage\",\"@id\":\"https:\/\/lundegard.se\/en\/super-rally-2020\/\",\"url\":\"https:\/\/lundegard.se\/en\/super-rally-2020\/\",\"name\":\"Super Rally 2020\"}}]}]}<\/script>\n<!-- \/ Yoast SEO plugin. -->","_links":{"self":[{"href":"https:\/\/lundegard.se\/en\/wp-json\/wp\/v2\/pages\/765"}],"collection":[{"href":"https:\/\/lundegard.se\/en\/wp-json\/wp\/v2\/pages"}],"about":[{"href":"https:\/\/lundegard.se\/en\/wp-json\/wp\/v2\/types\/page"}],"author":[{"embeddable":true,"href":"https:\/\/lundegard.se\/en\/wp-json\/wp\/v2\/users\/1"}],"replies":[{"embeddable":true,"href":"https:\/\/lundegard.se\/en\/wp-json\/wp\/v2\/comments?post=765"}],"version-history":[{"count":8,"href":"https:\/\/lundegard.se\/en\/wp-json\/wp\/v2\/pages\/765\/revisions"}],"predecessor-version":[{"id":1134,"href":"https:\/\/lundegard.se\/en\/wp-json\/wp\/v2\/pages\/765\/revisions\/1134"}],"wp:attachment":[{"href":"https:\/\/lundegard.se\/en\/wp-json\/wp\/v2\/media?parent=765"}],"curies":[{"name":"wp","href":"https:\/\/api.w.org\/{rel}","templated":true}]}}